{"id":52,"date":"2016-08-30T10:52:55","date_gmt":"2016-08-30T08:52:55","guid":{"rendered":"http:\/\/www.loscascajales.com\/web\/?page_id=52"},"modified":"2022-01-25T11:38:33","modified_gmt":"2022-01-25T10:38:33","slug":"uso-de-cookies","status":"publish","type":"page","link":"https:\/\/www.loscascajales.com\/web\/uso-de-cookies\/","title":{"rendered":"Uso de Cookies"},"content":{"rendered":"<div class=\"post-entry\">\n<p>Las cookies son unos peque\u00f1os archivos que se generan y se almacenan en su dispositivo cuando usted visita una web para almacenar ciertas informaciones y permitir que la p\u00e1gina le reconozca en pr\u00f3ximas visitas.<\/p>\n<p>Atendiendo a la Ley de Servicios de la Sociedad de la Informaci\u00f3n (LSSI), le informamos de que este sitio web utiliza cookies de Google Analytics para realizar estadisticas de visitas a la web.<\/p>\n<p>Las cookies no da\u00f1ar\u00e1n su equipo de ninguna forma, puede borrarlas en cualquier momento eliminando los datos de navegaci\u00f3n o navegando de forma an\u00f3nima.<\/p>\n<p>Si no esta conforme con el uso de cookies debe implementar en su navegador los medios t\u00e9cnicos para bloquearlas, o bien abandonar esta p\u00e1gina.<\/p>\n<p class=\"Prrafobsico\"><strong>Informaci\u00f3n para borrar las cookies en cada uno de los navegadores principales:<\/strong><\/p>\n<ul>\n<li><strong>Firefox<\/strong>: Herramientas\u00a0-&gt; Opciones\u00a0-&gt; Privacidad\u00a0-&gt; Historial\u00a0-&gt; Configuraci\u00f3n Personalizada.<br \/>\nPara m\u00e1s informaci\u00f3n, puede consultar el <a href=\"http:\/\/support.mozilla.org\/es\/home\">soporte de Mozilla<\/a> o la Ayuda del navegador.<\/li>\n<\/ul>\n<ul>\n<li><strong>Chrome<\/strong>: Configuraci\u00f3n\u00a0-&gt; Mostrar opciones avanzadas\u00a0-&gt; Privacidad\u00a0-&gt; Configuraci\u00f3n de contenido.<br \/>\nPara m\u00e1s informaci\u00f3n, puede consultar el <a href=\"http:\/\/support.google.com\/chrome\/?hl=es\">soporte de Google<\/a> o la Ayuda del navegador.<\/li>\n<\/ul>\n<ul>\n<li><strong>Internet Explorer<\/strong>: Herramientas -&gt; Opciones de Internet\u00a0-&gt; Privacidad\u00a0-&gt; Configuraci\u00f3n.<br \/>\nPara m\u00e1s informaci\u00f3n, puede consultar el <a href=\"http:\/\/windows.microsoft.com\/es-ES\/windows\/support\">soporte de Microsoft<\/a> o la Ayuda del navegador.<\/li>\n<\/ul>\n<ul>\n<li><strong>Safari<\/strong>: Preferencias\u00a0-&gt; Seguridad.<br \/>\nPara m\u00e1s informaci\u00f3n, puede consultar el <a href=\"http:\/\/www.apple.com\/es\/support\/safari\/\">soporte de Apple<\/a> o la Ayuda del navegador.<\/li>\n<\/ul>\n<\/div>\n","protected":false},"excerpt":{"rendered":"<p>Las cookies son unos peque\u00f1os archivos que se generan y se almacenan en su dispositivo cuando usted visita una web para almacenar ciertas informaciones y permitir que la p\u00e1gina le reconozca en pr\u00f3ximas visitas. Atendiendo a la Ley de Servicios de la Sociedad de la Informaci\u00f3n (LSSI), le informamos de que este sitio web utiliza [&hellip;]<\/p>\n","protected":false},"author":1,"featured_media":0,"parent":0,"menu_order":0,"comment_status":"closed","ping_status":"closed","template":"","meta":{"footnotes":""},"class_list":["post-52","page","type-page","status-publish","hentry"],"_links":{"self":[{"href":"https:\/\/www.loscascajales.com\/web\/wp-json\/wp\/v2\/pages\/52","targetHints":{"allow":["GET"]}}],"collection":[{"href":"https:\/\/www.loscascajales.com\/web\/wp-json\/wp\/v2\/pages"}],"about":[{"href":"https:\/\/www.loscascajales.com\/web\/wp-json\/wp\/v2\/types\/page"}],"author":[{"embeddable":true,"href":"https:\/\/www.loscascajales.com\/web\/wp-json\/wp\/v2\/users\/1"}],"replies":[{"embeddable":true,"href":"https:\/\/www.loscascajales.com\/web\/wp-json\/wp\/v2\/comments?post=52"}],"version-history":[{"count":2,"href":"https:\/\/www.loscascajales.com\/web\/wp-json\/wp\/v2\/pages\/52\/revisions"}],"predecessor-version":[{"id":138,"href":"https:\/\/www.loscascajales.com\/web\/wp-json\/wp\/v2\/pages\/52\/revisions\/138"}],"wp:attachment":[{"href":"https:\/\/www.loscascajales.com\/web\/wp-json\/wp\/v2\/media?parent=52"}],"curies":[{"name":"wp","href":"https:\/\/api.w.org\/{rel}","templated":true}]}}