{"id":50,"date":"2016-08-30T10:51:20","date_gmt":"2016-08-30T08:51:20","guid":{"rendered":"http:\/\/www.loscascajales.com\/web\/?page_id=50"},"modified":"2022-01-25T11:38:33","modified_gmt":"2022-01-25T10:38:33","slug":"proteccion-de-datos","status":"publish","type":"page","link":"https:\/\/www.loscascajales.com\/web\/proteccion-de-datos\/","title":{"rendered":"Protecci\u00f3n de Datos"},"content":{"rendered":"<p>De conformidad con lo que establece la Ley Org\u00e1nica 15\/1999 de Protecci\u00f3n de Datos de Car\u00e1cter Personal, JOS\u00c9 MANUEL CASTA\u00d1O REDONDO informa a los usuarios de sus websites de que los datos personales recabados por la empresa mediante los formularios sitos en sus p\u00e1ginas, ser\u00e1n introducidos en un fichero automatizado bajo la responsabilidad de JOS\u00c9 MANUEL CASTA\u00d1O REDONDO, con la finalidad de poder facilitar, agilizar y cumplir los compromisos establecidos entre ambas partes. As\u00ed mismo,\u00a0JOS\u00c9 MANUEL CASTA\u00d1O REDONDO informa de la posibilidad de ejercer los derechos de acceso, cancelaci\u00f3n, rectificaci\u00f3n y oposici\u00f3n mediante un escrito a la direcci\u00f3n: Carretera de Ronda a Benaoj\u00e1n, Km. 8 &#8211; 29370 Benaoj\u00e1n (M\u00e1laga)<\/p>\n<p>Mientras no nos comunique lo contrario, entenderemos que sus datos no han sido modificados, que usted se compromete a notificarnos cualquier variaci\u00f3n y que tenemos el consentimiento para utilizarlos a fin de poder fidelizar la relaci\u00f3n entre las partes.<\/p>\n","protected":false},"excerpt":{"rendered":"<p>De conformidad con lo que establece la Ley Org\u00e1nica 15\/1999 de Protecci\u00f3n de Datos de Car\u00e1cter Personal, JOS\u00c9 MANUEL CASTA\u00d1O REDONDO informa a los usuarios de sus websites de que los datos personales recabados por la empresa mediante los formularios sitos en sus p\u00e1ginas, ser\u00e1n introducidos en un fichero automatizado bajo la responsabilidad de JOS\u00c9 [&hellip;]<\/p>\n","protected":false},"author":1,"featured_media":0,"parent":0,"menu_order":0,"comment_status":"closed","ping_status":"closed","template":"","meta":{"footnotes":""},"class_list":["post-50","page","type-page","status-publish","hentry"],"_links":{"self":[{"href":"https:\/\/www.loscascajales.com\/web\/wp-json\/wp\/v2\/pages\/50","targetHints":{"allow":["GET"]}}],"collection":[{"href":"https:\/\/www.loscascajales.com\/web\/wp-json\/wp\/v2\/pages"}],"about":[{"href":"https:\/\/www.loscascajales.com\/web\/wp-json\/wp\/v2\/types\/page"}],"author":[{"embeddable":true,"href":"https:\/\/www.loscascajales.com\/web\/wp-json\/wp\/v2\/users\/1"}],"replies":[{"embeddable":true,"href":"https:\/\/www.loscascajales.com\/web\/wp-json\/wp\/v2\/comments?post=50"}],"version-history":[{"count":2,"href":"https:\/\/www.loscascajales.com\/web\/wp-json\/wp\/v2\/pages\/50\/revisions"}],"predecessor-version":[{"id":137,"href":"https:\/\/www.loscascajales.com\/web\/wp-json\/wp\/v2\/pages\/50\/revisions\/137"}],"wp:attachment":[{"href":"https:\/\/www.loscascajales.com\/web\/wp-json\/wp\/v2\/media?parent=50"}],"curies":[{"name":"wp","href":"https:\/\/api.w.org\/{rel}","templated":true}]}}