{"id":48,"date":"2016-08-30T10:48:00","date_gmt":"2016-08-30T08:48:00","guid":{"rendered":"http:\/\/www.loscascajales.com\/web\/?page_id=48"},"modified":"2022-01-25T11:38:33","modified_gmt":"2022-01-25T10:38:33","slug":"aviso-legal","status":"publish","type":"page","link":"https:\/\/www.loscascajales.com\/web\/aviso-legal\/","title":{"rendered":"Aviso Legal"},"content":{"rendered":"\n<h2 class=\"wp-block-heading\">Titularidad<\/h2>\n\n\n\n<p>En cumplimiento de la Ley 34\/2002, de 11 de julio, de Servicios de la Sociedad de la Informaci\u00f3n y de Comercio Electr\u00f3nico,&nbsp;JOS\u00c9 MANUEL CASTA\u00d1O REDONDO le informa de que es titular del sitio web www.loscascajales.com<\/p>\n\n\n\n<p>Atendiendo a la exigencia del art\u00edculo 10 de la citada Ley,&nbsp;JOS\u00c9 MANUEL CASTA\u00d1O REDONDO le informa de los siguientes datos:<\/p>\n\n\n\n<p><span style=\"color: #666699;\">Direcci\u00f3n: Carretera de Ronda a Benaoj\u00e1n, Km 8 &#8211; 29370 Benaoj\u00e1n (M\u00e1laga)<\/span><\/p>\n\n\n\n<p><span style=\"color: #666699;\">NIF: 25.588.742-T<\/span><\/p>\n\n\n\n<p><span style=\"color: #666699;\">Correo electr\u00f3nico de contacto: info@loscascajales.com<\/span><\/p>\n\n\n\n<figure class=\"wp-block-image size-large\"><img loading=\"lazy\" decoding=\"async\" width=\"275\" height=\"110\" src=\"https:\/\/www.loscascajales.com\/web\/wp-content\/uploads\/2020\/02\/Logo-Turismo-Rural.png\" alt=\"\" class=\"wp-image-178\"\/><\/figure>\n\n\n\n<p>Registro de viviendas de turismo rural de Andaluc\u00eda VTRA: MA\/00434<\/p>\n\n\n\n<h2 class=\"wp-block-heading\">Condiciones de Uso<\/h2>\n\n\n\n<p>Toda la informaci\u00f3n y contenidos de este portal, tales como textos, gr\u00e1ficos, fotograf\u00edas, logotipos, iconos, im\u00e1genes, as\u00ed como el dise\u00f1o gr\u00e1fico, tanto tomados individualmente como formando un conjunto est\u00e9tico homog\u00e9neo, son de la exclusiva propiedad de JOS\u00c9 MANUEL CASTA\u00d1O REDONDO, estando sujetos a derechos de la propiedad intelectual e industrial, protegidos por el articulo 12 de la Ley de Propiedad Intelectual de Espa\u00f1a.<\/p>\n\n\n\n<p>Cualquier uso no autorizado en relaci\u00f3n con la totalidad o parte de tales obras o prestaciones puede constituir una vulneraci\u00f3n de las disposiciones anteriores, as\u00ed como un delito castigado de conformidad con lo previsto por los Art\u00edculos 270 y siguientes del vigente C\u00f3digo Penal. Queda prohibida su utilizaci\u00f3n, reproducci\u00f3n, modificaci\u00f3n, distribuci\u00f3n, transmisi\u00f3n, manipulaci\u00f3n, as\u00ed como cualquier uso que exceda de una utilizaci\u00f3n normal y necesaria para la visita de la p\u00e1gina y la utilizaci\u00f3n de los Servicios ofrecidos en ella.<\/p>\n\n\n\n<p>El acceso a esta P\u00e1gina Web no implica ning\u00fan tipo de renuncia, transmisi\u00f3n o cesi\u00f3n total o parcial de dichos derechos de propiedad intelectual e industrial, ni confiere ning\u00fan derecho de utilizaci\u00f3n, alteraci\u00f3n, explotaci\u00f3n, reproducci\u00f3n, distribuci\u00f3n, comunicaci\u00f3n p\u00fablica sobre dichos contenidos sin la previa y expresa autorizaci\u00f3n por escrito de los respectivos titulares de dichos derechos, a salvo del derecho de visualizaci\u00f3n y obtenci\u00f3n de copia privada de seguridad de tales contenidos, siempre que dicho derecho se ejercite seg\u00fan los principio de buena fe y siempre que, en todo caso, se mantenga inalterada la propiedad intelectual, se utilice sin fines comerciales y exclusivamente para informaci\u00f3n personal del usuario.<\/p>\n\n\n\n<h2 class=\"wp-block-heading\">Propiedad Intelectual<\/h2>\n\n\n\n<p>La responsabilidad derivada del uso de materiales protegidos por los derechos de propiedad intelectual e industrial contenidos en esta p\u00e1gina corresponder\u00e1 exclusivamente al usuario.<\/p>\n\n\n\n<h2 class=\"wp-block-heading\">Limitaci\u00f3n de responsabilidad<\/h2>\n\n\n\n<p>JOS\u00c9 MANUEL CASTA\u00d1O REDONDO declina cualquier responsabilidad respecto a la informaci\u00f3n o el acceso a p\u00e1ginas que se hallen fuera de la p\u00e1gina web loscascajales.com.<\/p>\n\n\n\n<p>La funci\u00f3n de los enlaces de hipertexto que aparecen en las p\u00e1ginas es exclusivamente la de informar al usuario sobre la existencia de otras fuentes de informaci\u00f3n en Internet, donde podr\u00e1 ampliar los datos ofrecidos por esta p\u00e1gina Web. JOS\u00c9 MANUEL CASTA\u00d1O REDONDO no ser\u00e1 en ning\u00fan caso responsable del resultado obtenido a trav\u00e9s de dichos enlaces o de las consecuencias que se deriven del acceso por los usuarios a los mismos.<\/p>\n","protected":false},"excerpt":{"rendered":"<p>Titularidad En cumplimiento de la Ley 34\/2002, de 11 de julio, de Servicios de la Sociedad de la Informaci\u00f3n y de Comercio Electr\u00f3nico,&nbsp;JOS\u00c9 MANUEL CASTA\u00d1O REDONDO le informa de que es titular del sitio web www.loscascajales.com Atendiendo a la exigencia del art\u00edculo 10 de la citada Ley,&nbsp;JOS\u00c9 MANUEL CASTA\u00d1O REDONDO le informa de los siguientes [&hellip;]<\/p>\n","protected":false},"author":1,"featured_media":0,"parent":0,"menu_order":0,"comment_status":"closed","ping_status":"closed","template":"","meta":{"footnotes":""},"class_list":["post-48","page","type-page","status-publish","hentry"],"_links":{"self":[{"href":"https:\/\/www.loscascajales.com\/web\/wp-json\/wp\/v2\/pages\/48","targetHints":{"allow":["GET"]}}],"collection":[{"href":"https:\/\/www.loscascajales.com\/web\/wp-json\/wp\/v2\/pages"}],"about":[{"href":"https:\/\/www.loscascajales.com\/web\/wp-json\/wp\/v2\/types\/page"}],"author":[{"embeddable":true,"href":"https:\/\/www.loscascajales.com\/web\/wp-json\/wp\/v2\/users\/1"}],"replies":[{"embeddable":true,"href":"https:\/\/www.loscascajales.com\/web\/wp-json\/wp\/v2\/comments?post=48"}],"version-history":[{"count":6,"href":"https:\/\/www.loscascajales.com\/web\/wp-json\/wp\/v2\/pages\/48\/revisions"}],"predecessor-version":[{"id":179,"href":"https:\/\/www.loscascajales.com\/web\/wp-json\/wp\/v2\/pages\/48\/revisions\/179"}],"wp:attachment":[{"href":"https:\/\/www.loscascajales.com\/web\/wp-json\/wp\/v2\/media?parent=48"}],"curies":[{"name":"wp","href":"https:\/\/api.w.org\/{rel}","templated":true}]}}