{"id":4,"date":"2016-08-29T11:54:41","date_gmt":"2016-08-29T11:54:41","guid":{"rendered":"http:\/\/www.loscascajales.com\/web\/?page_id=4"},"modified":"2023-06-07T11:55:22","modified_gmt":"2023-06-07T09:55:22","slug":"la-casa","status":"publish","type":"page","link":"https:\/\/www.loscascajales.com\/web\/la-casa\/","title":{"rendered":"La Casa"},"content":{"rendered":"\n<p><strong>La Casa&nbsp; Rural Los Cascajales posee unas comodidades inmejorables para hacer su estancia lo m\u00e1s agradable posible. Han sido recientemente reformadas tanto la casa como la piscina, la pista de p\u00e1del y la barbacoa.<\/strong><\/p>\n\n\n\n<p>Las habitaciones con las que cuenta la casa son: Tres dormitorios, dos cuartos de ba\u00f1o, un aseo, buhardilla de ochenta metros cuadrados, comedor interior, comedor exterior, cocina totalmente equipada, chimenea, lavadora, televisi\u00f3n, internet WiFi, barbacoa y apartamento privado.<\/p>\n\n\n\n<h2 class=\"wp-block-heading\">Sal\u00f3n y cocina<\/h2>\n\n\n\n<p>Sal\u00f3n con chimenea y televisi\u00f3n. Cocina totalmente equipada<\/p>\n\n\n\n<figure class=\"wp-block-gallery has-nested-images columns-2 is-cropped wp-block-gallery-1 is-layout-flex wp-block-gallery-is-layout-flex\">\n<figure class=\"wp-block-image size-large\"><a href=\"https:\/\/www.loscascajales.com\/web\/wp-content\/uploads\/2020\/02\/Salon-Casa-Rural-Los-Cascajales-2.jpg\"><img loading=\"lazy\" decoding=\"async\" width=\"1024\" height=\"768\" data-id=\"201\" src=\"https:\/\/www.loscascajales.com\/web\/wp-content\/uploads\/2020\/02\/Salon-Casa-Rural-Los-Cascajales-2-1024x768.jpg\" alt=\"\" class=\"wp-image-201\" srcset=\"https:\/\/www.loscascajales.com\/web\/wp-content\/uploads\/2020\/02\/Salon-Casa-Rural-Los-Cascajales-2-1024x768.jpg 1024w, https:\/\/www.loscascajales.com\/web\/wp-content\/uploads\/2020\/02\/Salon-Casa-Rural-Los-Cascajales-2-300x225.jpg 300w, https:\/\/www.loscascajales.com\/web\/wp-content\/uploads\/2020\/02\/Salon-Casa-Rural-Los-Cascajales-2-768x576.jpg 768w, https:\/\/www.loscascajales.com\/web\/wp-content\/uploads\/2020\/02\/Salon-Casa-Rural-Los-Cascajales-2-1536x1152.jpg 1536w, https:\/\/www.loscascajales.com\/web\/wp-content\/uploads\/2020\/02\/Salon-Casa-Rural-Los-Cascajales-2.jpg 1584w\" sizes=\"auto, (max-width: 1024px) 100vw, 1024px\" \/><\/a><\/figure>\n\n\n\n<figure class=\"wp-block-image size-large\"><a href=\"https:\/\/www.loscascajales.com\/web\/wp-content\/uploads\/2020\/02\/IMG-20190320-WA0009.jpg\"><img loading=\"lazy\" decoding=\"async\" width=\"1024\" height=\"768\" data-id=\"180\" src=\"https:\/\/www.loscascajales.com\/web\/wp-content\/uploads\/2020\/02\/IMG-20190320-WA0009-1024x768.jpg\" alt=\"\" class=\"wp-image-180\" srcset=\"https:\/\/www.loscascajales.com\/web\/wp-content\/uploads\/2020\/02\/IMG-20190320-WA0009-1024x768.jpg 1024w, https:\/\/www.loscascajales.com\/web\/wp-content\/uploads\/2020\/02\/IMG-20190320-WA0009-300x225.jpg 300w, https:\/\/www.loscascajales.com\/web\/wp-content\/uploads\/2020\/02\/IMG-20190320-WA0009-768x576.jpg 768w, https:\/\/www.loscascajales.com\/web\/wp-content\/uploads\/2020\/02\/IMG-20190320-WA0009-1536x1152.jpg 1536w, https:\/\/www.loscascajales.com\/web\/wp-content\/uploads\/2020\/02\/IMG-20190320-WA0009.jpg 1600w\" sizes=\"auto, (max-width: 1024px) 100vw, 1024px\" \/><\/a><\/figure>\n\n\n\n<figure class=\"wp-block-image size-large\"><a href=\"https:\/\/www.loscascajales.com\/web\/wp-content\/uploads\/2020\/02\/Cocina-equipada-Casa-Rural.jpg\"><img loading=\"lazy\" decoding=\"async\" width=\"1024\" height=\"768\" data-id=\"191\" src=\"https:\/\/www.loscascajales.com\/web\/wp-content\/uploads\/2020\/02\/Cocina-equipada-Casa-Rural-1024x768.jpg\" alt=\"\" class=\"wp-image-191\" srcset=\"https:\/\/www.loscascajales.com\/web\/wp-content\/uploads\/2020\/02\/Cocina-equipada-Casa-Rural-1024x768.jpg 1024w, https:\/\/www.loscascajales.com\/web\/wp-content\/uploads\/2020\/02\/Cocina-equipada-Casa-Rural-300x225.jpg 300w, https:\/\/www.loscascajales.com\/web\/wp-content\/uploads\/2020\/02\/Cocina-equipada-Casa-Rural-768x576.jpg 768w, https:\/\/www.loscascajales.com\/web\/wp-content\/uploads\/2020\/02\/Cocina-equipada-Casa-Rural-1536x1152.jpg 1536w, https:\/\/www.loscascajales.com\/web\/wp-content\/uploads\/2020\/02\/Cocina-equipada-Casa-Rural.jpg 1600w\" sizes=\"auto, (max-width: 1024px) 100vw, 1024px\" \/><\/a><\/figure>\n\n\n\n<figure class=\"wp-block-image size-large\"><a href=\"https:\/\/www.loscascajales.com\/web\/wp-content\/uploads\/2016\/08\/Casa-Rural-Los-Cascajales-COCINA.jpg\"><img loading=\"lazy\" decoding=\"async\" width=\"1024\" height=\"709\" data-id=\"101\" src=\"https:\/\/www.loscascajales.com\/web\/wp-content\/uploads\/2016\/08\/Casa-Rural-Los-Cascajales-COCINA-1024x709.jpg\" alt=\"\" class=\"wp-image-101\" srcset=\"https:\/\/www.loscascajales.com\/web\/wp-content\/uploads\/2016\/08\/Casa-Rural-Los-Cascajales-COCINA-1024x709.jpg 1024w, https:\/\/www.loscascajales.com\/web\/wp-content\/uploads\/2016\/08\/Casa-Rural-Los-Cascajales-COCINA-300x208.jpg 300w, https:\/\/www.loscascajales.com\/web\/wp-content\/uploads\/2016\/08\/Casa-Rural-Los-Cascajales-COCINA-768x532.jpg 768w, https:\/\/www.loscascajales.com\/web\/wp-content\/uploads\/2016\/08\/Casa-Rural-Los-Cascajales-COCINA.jpg 1300w\" sizes=\"auto, (max-width: 1024px) 100vw, 1024px\" \/><\/a><figcaption class=\"wp-element-caption\">Cocina<\/figcaption><\/figure>\n<\/figure>\n\n\n\n<h2 class=\"wp-block-heading\">Porche con Barbacoa<\/h2>\n\n\n\n<p>En la parte posterior de la casa encontrar\u00e1 un gran porche con c\u00f3modos asientos junto a la zona de barbacoa<\/p>\n\n\n\n<figure class=\"wp-block-gallery has-nested-images columns-3 is-cropped wp-block-gallery-2 is-layout-flex wp-block-gallery-is-layout-flex\">\n<figure class=\"wp-block-image size-large\"><a href=\"https:\/\/www.loscascajales.com\/web\/wp-content\/uploads\/2020\/02\/Jardines-con-Cesped-Casa-Rural-Benaojan-2.jpg\"><img loading=\"lazy\" decoding=\"async\" width=\"1024\" height=\"768\" data-id=\"227\" src=\"https:\/\/www.loscascajales.com\/web\/wp-content\/uploads\/2020\/02\/Jardines-con-Cesped-Casa-Rural-Benaojan-2-1024x768.jpg\" alt=\"\" class=\"wp-image-227\" srcset=\"https:\/\/www.loscascajales.com\/web\/wp-content\/uploads\/2020\/02\/Jardines-con-Cesped-Casa-Rural-Benaojan-2-1024x768.jpg 1024w, https:\/\/www.loscascajales.com\/web\/wp-content\/uploads\/2020\/02\/Jardines-con-Cesped-Casa-Rural-Benaojan-2-300x225.jpg 300w, https:\/\/www.loscascajales.com\/web\/wp-content\/uploads\/2020\/02\/Jardines-con-Cesped-Casa-Rural-Benaojan-2-768x576.jpg 768w, https:\/\/www.loscascajales.com\/web\/wp-content\/uploads\/2020\/02\/Jardines-con-Cesped-Casa-Rural-Benaojan-2-1536x1152.jpg 1536w, https:\/\/www.loscascajales.com\/web\/wp-content\/uploads\/2020\/02\/Jardines-con-Cesped-Casa-Rural-Benaojan-2.jpg 1600w\" sizes=\"auto, (max-width: 1024px) 100vw, 1024px\" \/><\/a><\/figure>\n\n\n\n<figure class=\"wp-block-image size-large\"><a href=\"https:\/\/www.loscascajales.com\/web\/wp-content\/uploads\/2020\/02\/Terraza-Exterior-Casa-Rural-2.jpg\"><img loading=\"lazy\" decoding=\"async\" width=\"1024\" height=\"768\" data-id=\"203\" src=\"https:\/\/www.loscascajales.com\/web\/wp-content\/uploads\/2020\/02\/Terraza-Exterior-Casa-Rural-2-1024x768.jpg\" alt=\"\" class=\"wp-image-203\" srcset=\"https:\/\/www.loscascajales.com\/web\/wp-content\/uploads\/2020\/02\/Terraza-Exterior-Casa-Rural-2-1024x768.jpg 1024w, https:\/\/www.loscascajales.com\/web\/wp-content\/uploads\/2020\/02\/Terraza-Exterior-Casa-Rural-2-300x225.jpg 300w, https:\/\/www.loscascajales.com\/web\/wp-content\/uploads\/2020\/02\/Terraza-Exterior-Casa-Rural-2-768x576.jpg 768w, https:\/\/www.loscascajales.com\/web\/wp-content\/uploads\/2020\/02\/Terraza-Exterior-Casa-Rural-2-1536x1152.jpg 1536w, https:\/\/www.loscascajales.com\/web\/wp-content\/uploads\/2020\/02\/Terraza-Exterior-Casa-Rural-2.jpg 1600w\" sizes=\"auto, (max-width: 1024px) 100vw, 1024px\" \/><\/a><\/figure>\n\n\n\n<figure class=\"wp-block-image size-large\"><a href=\"https:\/\/www.loscascajales.com\/web\/wp-content\/uploads\/2016\/09\/Galeria-Barbacoa.jpg\"><img loading=\"lazy\" decoding=\"async\" width=\"500\" height=\"500\" data-id=\"66\" src=\"https:\/\/www.loscascajales.com\/web\/wp-content\/uploads\/2016\/09\/Galeria-Barbacoa.jpg\" alt=\"\" class=\"wp-image-66\" srcset=\"https:\/\/www.loscascajales.com\/web\/wp-content\/uploads\/2016\/09\/Galeria-Barbacoa.jpg 500w, https:\/\/www.loscascajales.com\/web\/wp-content\/uploads\/2016\/09\/Galeria-Barbacoa-150x150.jpg 150w, https:\/\/www.loscascajales.com\/web\/wp-content\/uploads\/2016\/09\/Galeria-Barbacoa-300x300.jpg 300w\" sizes=\"auto, (max-width: 500px) 100vw, 500px\" \/><\/a><\/figure>\n\n\n\n<figure class=\"wp-block-image size-large\"><a href=\"https:\/\/www.loscascajales.com\/web\/wp-content\/uploads\/2020\/02\/Terraza-Exterior-Casa-Rural-3.jpg\"><img loading=\"lazy\" decoding=\"async\" width=\"1024\" height=\"768\" data-id=\"204\" src=\"https:\/\/www.loscascajales.com\/web\/wp-content\/uploads\/2020\/02\/Terraza-Exterior-Casa-Rural-3-1024x768.jpg\" alt=\"\" class=\"wp-image-204\" srcset=\"https:\/\/www.loscascajales.com\/web\/wp-content\/uploads\/2020\/02\/Terraza-Exterior-Casa-Rural-3-1024x768.jpg 1024w, https:\/\/www.loscascajales.com\/web\/wp-content\/uploads\/2020\/02\/Terraza-Exterior-Casa-Rural-3-300x225.jpg 300w, https:\/\/www.loscascajales.com\/web\/wp-content\/uploads\/2020\/02\/Terraza-Exterior-Casa-Rural-3-768x576.jpg 768w, https:\/\/www.loscascajales.com\/web\/wp-content\/uploads\/2020\/02\/Terraza-Exterior-Casa-Rural-3-1536x1152.jpg 1536w, https:\/\/www.loscascajales.com\/web\/wp-content\/uploads\/2020\/02\/Terraza-Exterior-Casa-Rural-3.jpg 1600w\" sizes=\"auto, (max-width: 1024px) 100vw, 1024px\" \/><\/a><\/figure>\n\n\n\n<figure class=\"wp-block-image size-large\"><a href=\"https:\/\/www.loscascajales.com\/web\/wp-content\/uploads\/2023\/06\/TERRAZA.jpeg\"><img loading=\"lazy\" decoding=\"async\" width=\"1024\" height=\"768\" data-id=\"287\" src=\"https:\/\/www.loscascajales.com\/web\/wp-content\/uploads\/2023\/06\/TERRAZA-1024x768.jpeg\" alt=\"\" class=\"wp-image-287\" srcset=\"https:\/\/www.loscascajales.com\/web\/wp-content\/uploads\/2023\/06\/TERRAZA-1024x768.jpeg 1024w, https:\/\/www.loscascajales.com\/web\/wp-content\/uploads\/2023\/06\/TERRAZA-300x225.jpeg 300w, https:\/\/www.loscascajales.com\/web\/wp-content\/uploads\/2023\/06\/TERRAZA-768x576.jpeg 768w, https:\/\/www.loscascajales.com\/web\/wp-content\/uploads\/2023\/06\/TERRAZA-1536x1152.jpeg 1536w, https:\/\/www.loscascajales.com\/web\/wp-content\/uploads\/2023\/06\/TERRAZA.jpeg 1600w\" sizes=\"auto, (max-width: 1024px) 100vw, 1024px\" \/><\/a><\/figure>\n<\/figure>\n\n\n\n<h2 class=\"wp-block-heading\">Dormitorio principal<\/h2>\n\n\n\n<p>Dormitorio con cama de matrimonio y ba\u00f1o propio<\/p>\n\n\n\n<figure class=\"wp-block-gallery has-nested-images columns-default is-cropped wp-block-gallery-3 is-layout-flex wp-block-gallery-is-layout-flex\">\n<figure class=\"wp-block-image size-large\"><a href=\"https:\/\/www.loscascajales.com\/web\/wp-content\/uploads\/2016\/08\/Casa-Rural-Los-Cascajales-DORM-3.jpg\"><img loading=\"lazy\" decoding=\"async\" width=\"1024\" height=\"709\" data-id=\"105\" src=\"https:\/\/www.loscascajales.com\/web\/wp-content\/uploads\/2016\/08\/Casa-Rural-Los-Cascajales-DORM-3-1024x709.jpg\" alt=\"\" class=\"wp-image-105\" srcset=\"https:\/\/www.loscascajales.com\/web\/wp-content\/uploads\/2016\/08\/Casa-Rural-Los-Cascajales-DORM-3-1024x709.jpg 1024w, https:\/\/www.loscascajales.com\/web\/wp-content\/uploads\/2016\/08\/Casa-Rural-Los-Cascajales-DORM-3-300x208.jpg 300w, https:\/\/www.loscascajales.com\/web\/wp-content\/uploads\/2016\/08\/Casa-Rural-Los-Cascajales-DORM-3-768x532.jpg 768w, https:\/\/www.loscascajales.com\/web\/wp-content\/uploads\/2016\/08\/Casa-Rural-Los-Cascajales-DORM-3.jpg 1300w\" sizes=\"auto, (max-width: 1024px) 100vw, 1024px\" \/><\/a><figcaption class=\"wp-element-caption\">Dormitorio principal<\/figcaption><\/figure>\n\n\n\n<figure class=\"wp-block-image size-large\"><a href=\"https:\/\/www.loscascajales.com\/web\/wp-content\/uploads\/2020\/02\/Cuarto-de-ba\u00f1o-1.jpg\"><img loading=\"lazy\" decoding=\"async\" width=\"1024\" height=\"768\" data-id=\"192\" src=\"https:\/\/www.loscascajales.com\/web\/wp-content\/uploads\/2020\/02\/Cuarto-de-ba\u00f1o-1-1024x768.jpg\" alt=\"\" class=\"wp-image-192\" srcset=\"https:\/\/www.loscascajales.com\/web\/wp-content\/uploads\/2020\/02\/Cuarto-de-ba\u00f1o-1-1024x768.jpg 1024w, https:\/\/www.loscascajales.com\/web\/wp-content\/uploads\/2020\/02\/Cuarto-de-ba\u00f1o-1-300x225.jpg 300w, https:\/\/www.loscascajales.com\/web\/wp-content\/uploads\/2020\/02\/Cuarto-de-ba\u00f1o-1-768x576.jpg 768w, https:\/\/www.loscascajales.com\/web\/wp-content\/uploads\/2020\/02\/Cuarto-de-ba\u00f1o-1-1536x1152.jpg 1536w, https:\/\/www.loscascajales.com\/web\/wp-content\/uploads\/2020\/02\/Cuarto-de-ba\u00f1o-1.jpg 1600w\" sizes=\"auto, (max-width: 1024px) 100vw, 1024px\" \/><\/a><\/figure>\n<\/figure>\n\n\n\n<h2 class=\"wp-block-heading\">Otros dormitorios<\/h2>\n\n\n\n<p><strong>Dormitiorio 2<\/strong>: Cama de matrimonio y dos camas de litera<br><strong>Dormitorio 3<\/strong>: Cama de matrimonio y dos camas individuales<br><strong>Buhardilla<\/strong>: Camas individuales<br><strong>Cuarto de ba\u00f1o completo<\/strong><\/p>\n\n\n\n<figure class=\"wp-block-gallery has-nested-images columns-3 is-cropped wp-block-gallery-4 is-layout-flex wp-block-gallery-is-layout-flex\">\n<figure class=\"wp-block-image size-large\"><a href=\"https:\/\/www.loscascajales.com\/web\/wp-content\/uploads\/2020\/02\/Buhardilla-casa-rural-Los-Cascajales.jpg\"><img loading=\"lazy\" decoding=\"async\" width=\"1024\" height=\"768\" data-id=\"190\" src=\"https:\/\/www.loscascajales.com\/web\/wp-content\/uploads\/2020\/02\/Buhardilla-casa-rural-Los-Cascajales-1024x768.jpg\" alt=\"\" class=\"wp-image-190\" srcset=\"https:\/\/www.loscascajales.com\/web\/wp-content\/uploads\/2020\/02\/Buhardilla-casa-rural-Los-Cascajales-1024x768.jpg 1024w, https:\/\/www.loscascajales.com\/web\/wp-content\/uploads\/2020\/02\/Buhardilla-casa-rural-Los-Cascajales-300x225.jpg 300w, https:\/\/www.loscascajales.com\/web\/wp-content\/uploads\/2020\/02\/Buhardilla-casa-rural-Los-Cascajales-768x576.jpg 768w, https:\/\/www.loscascajales.com\/web\/wp-content\/uploads\/2020\/02\/Buhardilla-casa-rural-Los-Cascajales-1536x1152.jpg 1536w, https:\/\/www.loscascajales.com\/web\/wp-content\/uploads\/2020\/02\/Buhardilla-casa-rural-Los-Cascajales.jpg 1600w\" sizes=\"auto, (max-width: 1024px) 100vw, 1024px\" \/><\/a><figcaption class=\"wp-element-caption\">Buhardilla<\/figcaption><\/figure>\n\n\n\n<figure class=\"wp-block-image size-large\"><a href=\"https:\/\/www.loscascajales.com\/web\/wp-content\/uploads\/2020\/02\/Cuarto-de-ba\u00f1o-2.jpg\"><img loading=\"lazy\" decoding=\"async\" width=\"768\" height=\"1024\" data-id=\"193\" src=\"https:\/\/www.loscascajales.com\/web\/wp-content\/uploads\/2020\/02\/Cuarto-de-ba\u00f1o-2-768x1024.jpg\" alt=\"\" class=\"wp-image-193\" srcset=\"https:\/\/www.loscascajales.com\/web\/wp-content\/uploads\/2020\/02\/Cuarto-de-ba\u00f1o-2-768x1024.jpg 768w, https:\/\/www.loscascajales.com\/web\/wp-content\/uploads\/2020\/02\/Cuarto-de-ba\u00f1o-2-225x300.jpg 225w, https:\/\/www.loscascajales.com\/web\/wp-content\/uploads\/2020\/02\/Cuarto-de-ba\u00f1o-2-1152x1536.jpg 1152w, https:\/\/www.loscascajales.com\/web\/wp-content\/uploads\/2020\/02\/Cuarto-de-ba\u00f1o-2.jpg 1200w\" sizes=\"auto, (max-width: 768px) 100vw, 768px\" \/><\/a><figcaption class=\"wp-element-caption\">Ba\u00f1o 2<\/figcaption><\/figure>\n\n\n\n<figure class=\"wp-block-image size-large\"><a href=\"https:\/\/www.loscascajales.com\/web\/wp-content\/uploads\/2016\/08\/Casa-Rural-Los-Cascajales-DORM-1.jpg\"><img loading=\"lazy\" decoding=\"async\" width=\"1024\" height=\"709\" data-id=\"103\" src=\"https:\/\/www.loscascajales.com\/web\/wp-content\/uploads\/2016\/08\/Casa-Rural-Los-Cascajales-DORM-1-1024x709.jpg\" alt=\"\" class=\"wp-image-103\" srcset=\"https:\/\/www.loscascajales.com\/web\/wp-content\/uploads\/2016\/08\/Casa-Rural-Los-Cascajales-DORM-1-1024x709.jpg 1024w, https:\/\/www.loscascajales.com\/web\/wp-content\/uploads\/2016\/08\/Casa-Rural-Los-Cascajales-DORM-1-300x208.jpg 300w, https:\/\/www.loscascajales.com\/web\/wp-content\/uploads\/2016\/08\/Casa-Rural-Los-Cascajales-DORM-1-768x532.jpg 768w, https:\/\/www.loscascajales.com\/web\/wp-content\/uploads\/2016\/08\/Casa-Rural-Los-Cascajales-DORM-1.jpg 1300w\" sizes=\"auto, (max-width: 1024px) 100vw, 1024px\" \/><\/a><figcaption class=\"wp-element-caption\">Dormitorio 3<\/figcaption><\/figure>\n\n\n\n<figure class=\"wp-block-image size-large\"><img loading=\"lazy\" decoding=\"async\" width=\"1024\" height=\"768\" data-id=\"284\" src=\"https:\/\/www.loscascajales.com\/web\/wp-content\/uploads\/2023\/06\/Dormitorio-camas-1024x768.jpeg\" alt=\"\" class=\"wp-image-284\" srcset=\"https:\/\/www.loscascajales.com\/web\/wp-content\/uploads\/2023\/06\/Dormitorio-camas-1024x768.jpeg 1024w, https:\/\/www.loscascajales.com\/web\/wp-content\/uploads\/2023\/06\/Dormitorio-camas-300x225.jpeg 300w, https:\/\/www.loscascajales.com\/web\/wp-content\/uploads\/2023\/06\/Dormitorio-camas-768x576.jpeg 768w, https:\/\/www.loscascajales.com\/web\/wp-content\/uploads\/2023\/06\/Dormitorio-camas-1536x1152.jpeg 1536w, https:\/\/www.loscascajales.com\/web\/wp-content\/uploads\/2023\/06\/Dormitorio-camas.jpeg 1600w\" sizes=\"auto, (max-width: 1024px) 100vw, 1024px\" \/><figcaption class=\"wp-element-caption\">DORMITORIO 2<\/figcaption><\/figure>\n\n\n\n<figure class=\"wp-block-image size-large\"><img loading=\"lazy\" decoding=\"async\" width=\"1024\" height=\"768\" data-id=\"283\" src=\"https:\/\/www.loscascajales.com\/web\/wp-content\/uploads\/2023\/06\/Dormitorio-principal-1024x768.jpeg\" alt=\"\" class=\"wp-image-283\" srcset=\"https:\/\/www.loscascajales.com\/web\/wp-content\/uploads\/2023\/06\/Dormitorio-principal-1024x768.jpeg 1024w, https:\/\/www.loscascajales.com\/web\/wp-content\/uploads\/2023\/06\/Dormitorio-principal-300x225.jpeg 300w, https:\/\/www.loscascajales.com\/web\/wp-content\/uploads\/2023\/06\/Dormitorio-principal-768x576.jpeg 768w, https:\/\/www.loscascajales.com\/web\/wp-content\/uploads\/2023\/06\/Dormitorio-principal-1536x1152.jpeg 1536w, https:\/\/www.loscascajales.com\/web\/wp-content\/uploads\/2023\/06\/Dormitorio-principal.jpeg 1600w\" sizes=\"auto, (max-width: 1024px) 100vw, 1024px\" \/><figcaption class=\"wp-element-caption\">DORMITORIO 2<\/figcaption><\/figure>\n<\/figure>\n","protected":false},"excerpt":{"rendered":"<p>La Casa&nbsp; Rural Los Cascajales posee unas comodidades inmejorables para hacer su estancia lo m\u00e1s agradable posible. Han sido recientemente reformadas tanto la casa como la piscina, la pista de p\u00e1del y la barbacoa. Las habitaciones con las que cuenta la casa son: Tres dormitorios, dos cuartos de ba\u00f1o, un aseo, buhardilla de ochenta metros [&hellip;]<\/p>\n","protected":false},"author":1,"featured_media":0,"parent":0,"menu_order":0,"comment_status":"closed","ping_status":"closed","template":"","meta":{"footnotes":""},"class_list":["post-4","page","type-page","status-publish","hentry"],"_links":{"self":[{"href":"https:\/\/www.loscascajales.com\/web\/wp-json\/wp\/v2\/pages\/4","targetHints":{"allow":["GET"]}}],"collection":[{"href":"https:\/\/www.loscascajales.com\/web\/wp-json\/wp\/v2\/pages"}],"about":[{"href":"https:\/\/www.loscascajales.com\/web\/wp-json\/wp\/v2\/types\/page"}],"author":[{"embeddable":true,"href":"https:\/\/www.loscascajales.com\/web\/wp-json\/wp\/v2\/users\/1"}],"replies":[{"embeddable":true,"href":"https:\/\/www.loscascajales.com\/web\/wp-json\/wp\/v2\/comments?post=4"}],"version-history":[{"count":23,"href":"https:\/\/www.loscascajales.com\/web\/wp-json\/wp\/v2\/pages\/4\/revisions"}],"predecessor-version":[{"id":289,"href":"https:\/\/www.loscascajales.com\/web\/wp-json\/wp\/v2\/pages\/4\/revisions\/289"}],"wp:attachment":[{"href":"https:\/\/www.loscascajales.com\/web\/wp-json\/wp\/v2\/media?parent=4"}],"curies":[{"name":"wp","href":"https:\/\/api.w.org\/{rel}","templated":true}]}}