{"id":36,"date":"2016-08-30T08:41:16","date_gmt":"2016-08-30T08:41:16","guid":{"rendered":"http:\/\/www.loscascajales.com\/web\/?page_id=36"},"modified":"2022-01-25T11:38:33","modified_gmt":"2022-01-25T10:38:33","slug":"donde-estamos","status":"publish","type":"page","link":"https:\/\/www.loscascajales.com\/web\/donde-estamos\/","title":{"rendered":"D\u00f3nde estamos"},"content":{"rendered":"<p><img loading=\"lazy\" decoding=\"async\" class=\" wp-image-123 alignright\" title=\"Entrada\" src=\"http:\/\/www.loscascajales.com\/web\/wp-content\/uploads\/2016\/08\/Entrada.jpg\" alt=\"Entrada\" width=\"333\" height=\"250\" data-popupalt-original-title=\"null\" srcset=\"https:\/\/www.loscascajales.com\/web\/wp-content\/uploads\/2016\/08\/Entrada.jpg 500w, https:\/\/www.loscascajales.com\/web\/wp-content\/uploads\/2016\/08\/Entrada-300x225.jpg 300w\" sizes=\"auto, (max-width: 333px) 100vw, 333px\" \/>Nuestra Casa Rural se encuentra en la Serran\u00eda de Ronda, en la carretera que une Ronda con Benaoj\u00e1n, en el valle del R\u00edo Guadiaro frente a la Cueva del Gato. La carretera tiene f\u00e1cil conexi\u00f3n con la A-374 en direcci\u00f3n a Sevilla.<\/p>\n<p>Tambi\u00e9n estamos muy cerca de la estaci\u00f3n de trenes de Benaoj\u00e1n.<\/p>\n<p><strong>Salida desde Ronda:<\/strong><\/p>\n<ul>\n<li>Salida por A-376 con direcci\u00f3n Sevilla.<\/li>\n<li>Recorra 2km hasta llegar al desv\u00edo con MA-7401.<\/li>\n<li>Recorra 8km hasta que vea la entrada de &#8216;Los Cascajales&#8217;.<\/li>\n<\/ul>\n<p><iframe loading=\"lazy\" style=\"border: 0;\" src=\"https:\/\/www.google.com\/maps\/embed?pb=!1m26!1m12!1m3!1d25578.607847659005!2d-5.21679855201775!3d36.73874580890778!2m3!1f0!2f0!3f0!3m2!1i1024!2i768!4f13.1!4m11!3e0!4m5!1s0xd0d3148864ff8c9%3A0x490f861a38756900!2sPlaza+del+Ahorro%2C+29400+Ronda%2C+M%C3%A1laga!3m2!1d36.7461038!2d-5.1612785!4m3!3m2!1d36.7194295!2d-5.238410099999999!5e0!3m2!1ses!2ses!4v1472816460094\" width=\"600\" height=\"450\" frameborder=\"0\" allowfullscreen=\"allowfullscreen\"><\/iframe><\/p>\n<p><strong>Salida desde C\u00e1diz:<\/strong><\/p>\n<ul>\n<li>Salida por N-443 y continuar por AP-4.<\/li>\n<li>Salir de AP-4 con direcci\u00f3n A-4.<\/li>\n<li>Tome la salida 80 hacia A-382 direcci\u00f3n Arcos.<\/li>\n<li>Salir hacia A-374 y recorrerla durante 29 km.<\/li>\n<li>Tome el desv\u00edo hacia MA-7401.<\/li>\n<li>Recorra 8km hasta que vea la entrada de &#8216;Los Cascajales&#8217;.<\/li>\n<\/ul>\n<p><iframe loading=\"lazy\" style=\"border: 0;\" src=\"https:\/\/www.google.com\/maps\/embed?pb=!1m24!1m12!1m3!1d409421.64520285645!2d-6.006369404404806!3d36.707987955768495!2m3!1f0!2f0!3f0!3m2!1i1024!2i768!4f13.1!4m9!3e0!4m3!3m2!1d36.523870099999996!2d-6.281290599999999!4m3!3m2!1d36.7194295!2d-5.238410099999999!5e0!3m2!1ses!2ses!4v1472816239369\" width=\"600\" height=\"450\" frameborder=\"0\" allowfullscreen=\"allowfullscreen\"><\/iframe><\/p>\n<p><strong>Salida desde Sevilla:<\/strong><\/p>\n<ul>\n<li>Salida por A-376 direcci\u00f3n El Coronil\/Ronda y recorra 70 km.<\/li>\n<li>Contin\u00fae por A-375 durante 2 km.<\/li>\n<li>Dir\u00edjase al ramal A-384 y permanezca en \u00e9l durante 17 km.<\/li>\n<li>Contin\u00fae por A-374 durante 29 km.<\/li>\n<li>Tome la salida hacia MA-7401 y recorra 8km hasta ver la entrada de &#8216;Los Cascajales&#8217;.<\/li>\n<\/ul>\n<p><iframe loading=\"lazy\" style=\"border: 0;\" src=\"https:\/\/www.google.com\/maps\/embed?pb=!1m26!1m12!1m3!1d407782.8000234347!2d-5.827275356682663!3d37.014492863785!2m3!1f0!2f0!3f0!3m2!1i1024!2i768!4f13.1!4m11!3e0!4m5!1s0xd126ea585ca9fc9%3A0x1f6ab089fe7a10b4!2sSevilla+Santa+Justa%2C+Avenida+de+Kansas+City%2C+Sevilla!3m2!1d37.391863!2d-5.975339!4m3!3m2!1d36.7194295!2d-5.238410099999999!5e0!3m2!1ses!2ses!4v1472816383966\" width=\"600\" height=\"450\" frameborder=\"0\" allowfullscreen=\"allowfullscreen\"><\/iframe><\/p>\n","protected":false},"excerpt":{"rendered":"<p>Nuestra Casa Rural se encuentra en la Serran\u00eda de Ronda, en la carretera que une Ronda con Benaoj\u00e1n, en el valle del R\u00edo Guadiaro frente a la Cueva del Gato. La carretera tiene f\u00e1cil conexi\u00f3n con la A-374 en direcci\u00f3n a Sevilla. Tambi\u00e9n estamos muy cerca de la estaci\u00f3n de trenes de Benaoj\u00e1n. Salida desde [&hellip;]<\/p>\n","protected":false},"author":1,"featured_media":0,"parent":0,"menu_order":0,"comment_status":"closed","ping_status":"closed","template":"","meta":{"footnotes":""},"class_list":["post-36","page","type-page","status-publish","hentry"],"_links":{"self":[{"href":"https:\/\/www.loscascajales.com\/web\/wp-json\/wp\/v2\/pages\/36","targetHints":{"allow":["GET"]}}],"collection":[{"href":"https:\/\/www.loscascajales.com\/web\/wp-json\/wp\/v2\/pages"}],"about":[{"href":"https:\/\/www.loscascajales.com\/web\/wp-json\/wp\/v2\/types\/page"}],"author":[{"embeddable":true,"href":"https:\/\/www.loscascajales.com\/web\/wp-json\/wp\/v2\/users\/1"}],"replies":[{"embeddable":true,"href":"https:\/\/www.loscascajales.com\/web\/wp-json\/wp\/v2\/comments?post=36"}],"version-history":[{"count":5,"href":"https:\/\/www.loscascajales.com\/web\/wp-json\/wp\/v2\/pages\/36\/revisions"}],"predecessor-version":[{"id":133,"href":"https:\/\/www.loscascajales.com\/web\/wp-json\/wp\/v2\/pages\/36\/revisions\/133"}],"wp:attachment":[{"href":"https:\/\/www.loscascajales.com\/web\/wp-json\/wp\/v2\/media?parent=36"}],"curies":[{"name":"wp","href":"https:\/\/api.w.org\/{rel}","templated":true}]}}