{"id":33,"date":"2016-08-30T08:35:59","date_gmt":"2016-08-30T08:35:59","guid":{"rendered":"http:\/\/www.loscascajales.com\/web\/?page_id=33"},"modified":"2022-01-25T11:38:33","modified_gmt":"2022-01-25T10:38:33","slug":"actividades","status":"publish","type":"page","link":"https:\/\/www.loscascajales.com\/web\/actividades\/","title":{"rendered":"Actividades"},"content":{"rendered":"<p>Durante su estancia en nuestra casa rural usted podr\u00e1 realizar numerosas actividades al aire libre disfrutando de la maravillosa naturaleza que le rodea.<\/p>\n<p><img loading=\"lazy\" decoding=\"async\" class=\"aligncenter size-full wp-image-34\" title=\"actividades\" src=\"http:\/\/www.loscascajales.com\/web\/wp-content\/uploads\/2016\/08\/actividades.jpg\" alt=\"actividades\" width=\"941\" height=\"297\" data-popupalt-original-title=\"null\" srcset=\"https:\/\/www.loscascajales.com\/web\/wp-content\/uploads\/2016\/08\/actividades.jpg 941w, https:\/\/www.loscascajales.com\/web\/wp-content\/uploads\/2016\/08\/actividades-300x95.jpg 300w, https:\/\/www.loscascajales.com\/web\/wp-content\/uploads\/2016\/08\/actividades-768x242.jpg 768w\" sizes=\"auto, (max-width: 941px) 100vw, 941px\" \/><\/p>\n<p>Las actividades que podra realizar son:<\/p>\n<p>Disfrutar de la gastronom\u00eda de la zona, destacando la tradici\u00f3n de m\u00e1s de 100 a\u00f1os en la elaboraci\u00f3n de embutido provenientes del cerdo como el lomo en manteca o los chorizos al vino, de gran calidad a causa de la crianza entre encinas de los ganados porcinos.Otros platos que podr\u00e1n disfrutar son el gazpacho caliente o el sabroso conejo al ajillo. Le recomendamos que visite el restaurante Molino del Santo para disfrutar de estos manjares.<\/p>\n<p>Si le gusta explorar y maravillarse con lo que la naturaleza nos puede ofrecer, le recomendamos que realice las rutas de senderismo que podr\u00e1 encontrar alrededor de la casa, tales como los llanos de libar, el pico Ventana o el sendero del rio Guadiaro.<br \/>\nOtras de las actividades que podr\u00e1 realizar es la espeololog\u00eda en la Cueva del Gato donde se pueden realizar saltos, r\u00e1peles hasta llegar a uno de los lugares m\u00e1s emblem\u00e1ticos de la cueva, Las Dunas; una aventura garantizada.<\/p>\n<p>Si le gustan las emociones fuertes y los deportes extremos no podr\u00e1 dejar escapar el hacer Pirag\u00fcismo tanto de rio como de Pantano, encontrando tanto rutas m\u00e1s sencillas y familias, tanto rutas m\u00e1s exigentes como V\u00eda Ferrata de Benaojan; una ruta no muy larga y con alg\u00fan que otro desplome.Tambi\u00e9n podr\u00e1 realizar rutas de parapente observando la Sierra de Grazalema desde lo m\u00e1s alto.<\/p>\n<p>Si simplemente desea dar un paseo relajado puede disfrutar de las vistas a lomos de un caballo que le adentrar\u00e1 dentro de la naturaleza que nuestra casa rural puede ofrecer; o disfrutar del turismo cultural que la zona de Benaoj\u00e1n le ofrece. Podr\u00e1 de la Cueva Prehist\u00f3rica de La Pileta, de un antiguo camino que lleva a Gibraltar donde podr\u00e1 encontrar una Iglesia parroquial fundada en el siglo XVI.<\/p>\n<p>Las fiestas patronales tienen lugar el 25 de Abril, d\u00eda del patr\u00f3n San Marcos, el primer Domingo de Mayo con la romer\u00eda del Ni\u00f1o del Huerto y la feria entorno al 7 de Octubre, d\u00eda de la patrona La Virgen del Rosario.<\/p>\n","protected":false},"excerpt":{"rendered":"<p>Durante su estancia en nuestra casa rural usted podr\u00e1 realizar numerosas actividades al aire libre disfrutando de la maravillosa naturaleza que le rodea. Las actividades que podra realizar son: Disfrutar de la gastronom\u00eda de la zona, destacando la tradici\u00f3n de m\u00e1s de 100 a\u00f1os en la elaboraci\u00f3n de embutido provenientes del cerdo como el lomo [&hellip;]<\/p>\n","protected":false},"author":1,"featured_media":0,"parent":0,"menu_order":0,"comment_status":"closed","ping_status":"closed","template":"","meta":{"footnotes":""},"class_list":["post-33","page","type-page","status-publish","hentry"],"_links":{"self":[{"href":"https:\/\/www.loscascajales.com\/web\/wp-json\/wp\/v2\/pages\/33","targetHints":{"allow":["GET"]}}],"collection":[{"href":"https:\/\/www.loscascajales.com\/web\/wp-json\/wp\/v2\/pages"}],"about":[{"href":"https:\/\/www.loscascajales.com\/web\/wp-json\/wp\/v2\/types\/page"}],"author":[{"embeddable":true,"href":"https:\/\/www.loscascajales.com\/web\/wp-json\/wp\/v2\/users\/1"}],"replies":[{"embeddable":true,"href":"https:\/\/www.loscascajales.com\/web\/wp-json\/wp\/v2\/comments?post=33"}],"version-history":[{"count":3,"href":"https:\/\/www.loscascajales.com\/web\/wp-json\/wp\/v2\/pages\/33\/revisions"}],"predecessor-version":[{"id":143,"href":"https:\/\/www.loscascajales.com\/web\/wp-json\/wp\/v2\/pages\/33\/revisions\/143"}],"wp:attachment":[{"href":"https:\/\/www.loscascajales.com\/web\/wp-json\/wp\/v2\/media?parent=33"}],"curies":[{"name":"wp","href":"https:\/\/api.w.org\/{rel}","templated":true}]}}