{"id":19,"date":"2016-08-30T08:22:08","date_gmt":"2016-08-30T08:22:08","guid":{"rendered":"http:\/\/www.loscascajales.com\/web\/?page_id=19"},"modified":"2022-01-25T11:38:33","modified_gmt":"2022-01-25T10:38:33","slug":"serrania-de-ronda","status":"publish","type":"page","link":"https:\/\/www.loscascajales.com\/web\/serrania-de-ronda\/","title":{"rendered":"Serran\u00eda de Ronda"},"content":{"rendered":"<p>Desde la casa rural podr\u00e1 salir a visitar todos los pueblos y lugares interesantes de la Serran\u00eda de Ronda.<\/p>\n<p><img loading=\"lazy\" decoding=\"async\" class=\"aligncenter size-full wp-image-28\" title=\"benaoj\u00e1n\" src=\"http:\/\/www.loscascajales.com\/web\/wp-content\/uploads\/2016\/08\/benaoj\u00e1n.jpg\" alt=\"benaoj\u00e1n\" width=\"941\" height=\"297\" data-popupalt-original-title=\"null\" srcset=\"https:\/\/www.loscascajales.com\/web\/wp-content\/uploads\/2016\/08\/benaoj\u00e1n.jpg 941w, https:\/\/www.loscascajales.com\/web\/wp-content\/uploads\/2016\/08\/benaoj\u00e1n-300x95.jpg 300w, https:\/\/www.loscascajales.com\/web\/wp-content\/uploads\/2016\/08\/benaoj\u00e1n-768x242.jpg 768w\" sizes=\"auto, (max-width: 941px) 100vw, 941px\" \/><\/p>\n<p><strong>El pueblo de Benaoj\u00e1n<\/strong> est\u00e1 ubicado en la Sierra de L\u00edbar a 565 metros sobre de altitud, se extiende por el peque\u00f1o valle del arroyo de Montejaque. El paisaje en el que se asienta es bastante accidentado, en el que resalta el fuerte contraste entre la caliza desnuda y el bosque de encinas que se une a media ladera. Sabemos de los or\u00edgenes de este pueblo con las pinturas rupestres encontradas en la cueva de la Pileta.<\/p>\n<p><strong>La Cueva de la Pileta<\/strong> fue descubierta por Jos\u00e9 Bull\u00f3n Lobato en el a\u00f1o 1905. La entrada se encuentra en la ladera de la Sierra de L\u00edbar, a 700 metros sobre el nivel del mar. La Cueva recoge muestras de los primeros pobladores de la zona: pinturas y utensilios rupestres que datan del paleol\u00edtico de tal calidad que la convirtieron en Monumento Nacional en 1924.<\/p>\n<p><img loading=\"lazy\" decoding=\"async\" class=\"aligncenter size-full wp-image-29\" title=\"cueva del gato\" src=\"http:\/\/www.loscascajales.com\/web\/wp-content\/uploads\/2016\/08\/cueva-del-gato.jpg\" alt=\"cueva del gato\" width=\"941\" height=\"297\" data-popupalt-original-title=\"null\" srcset=\"https:\/\/www.loscascajales.com\/web\/wp-content\/uploads\/2016\/08\/cueva-del-gato.jpg 941w, https:\/\/www.loscascajales.com\/web\/wp-content\/uploads\/2016\/08\/cueva-del-gato-300x95.jpg 300w, https:\/\/www.loscascajales.com\/web\/wp-content\/uploads\/2016\/08\/cueva-del-gato-768x242.jpg 768w\" sizes=\"auto, (max-width: 941px) 100vw, 941px\" \/><\/p>\n<p><strong>El sistema Hundidero-Gato<\/strong> se sit\u00faa en el \u00e1mbito del Parque Natural Sierra de Grazalema. Costa de dos bocas de entrada al complejo: La cueva de Hundidero; que se sit\u00faa en el Termino Municipal de Montejaque. La cueva del Gato; la otra entrada, que en realidad no es m\u00e1s que la salida del agua de este enorme complejo. Esta se sit\u00faa en el t\u00e9rmino Municipal de Benaoj\u00e1n. Es la cuarta Cavidad mas grande de Andaluc\u00eda seg\u00fan su desarrollo con 7818 metros.<\/p>\n<p><strong>El r\u00edo Guadiaro<\/strong> nace en la Serran\u00eda de Ronda y desemboca en Sotogrande. Este rio es uno de los principales rios de la Cuenta Hidrogr\u00e1fica del Sur. Sus principales afluentes son el rio de Hozgarganta y el Genal.<\/p>\n<p><img loading=\"lazy\" decoding=\"async\" class=\"aligncenter size-full wp-image-30\" title=\"sierra de grazalema\" src=\"http:\/\/www.loscascajales.com\/web\/wp-content\/uploads\/2016\/08\/sierra-de-grazalema.jpg\" alt=\"sierra de grazalema\" width=\"941\" height=\"297\" data-popupalt-original-title=\"null\" srcset=\"https:\/\/www.loscascajales.com\/web\/wp-content\/uploads\/2016\/08\/sierra-de-grazalema.jpg 941w, https:\/\/www.loscascajales.com\/web\/wp-content\/uploads\/2016\/08\/sierra-de-grazalema-300x95.jpg 300w, https:\/\/www.loscascajales.com\/web\/wp-content\/uploads\/2016\/08\/sierra-de-grazalema-768x242.jpg 768w\" sizes=\"auto, (max-width: 941px) 100vw, 941px\" \/><br \/>\n<strong>El Parque Natural Sierra de Grazalema<\/strong> con una superficie de 53.411 hect\u00e1reas, es realmente un macizo que forma parte del extremo m\u00e1s occidental de la Cordillera Subb\u00e9tica, compuesto por otras subsierras. Est\u00e1 situado entre el noreste de la provincia de C\u00e1diz y el noroeste de la provincia de M\u00e1laga.<\/p>\n<p><img loading=\"lazy\" decoding=\"async\" class=\"aligncenter size-full wp-image-31\" title=\"sierra de l\u00edbar\" src=\"http:\/\/www.loscascajales.com\/web\/wp-content\/uploads\/2016\/08\/sierra-de-l\u00edbar.jpg\" alt=\"sierra de l\u00edbar\" width=\"941\" height=\"297\" data-popupalt-original-title=\"null\" srcset=\"https:\/\/www.loscascajales.com\/web\/wp-content\/uploads\/2016\/08\/sierra-de-l\u00edbar.jpg 941w, https:\/\/www.loscascajales.com\/web\/wp-content\/uploads\/2016\/08\/sierra-de-l\u00edbar-300x95.jpg 300w, https:\/\/www.loscascajales.com\/web\/wp-content\/uploads\/2016\/08\/sierra-de-l\u00edbar-768x242.jpg 768w\" sizes=\"auto, (max-width: 941px) 100vw, 941px\" \/><br \/>\n<strong>La Sierra de L\u00edbar<\/strong> esta situada en el t\u00e9rmino de Villaluenga del Rosario, en el l\u00edmite de la provincia de C\u00e1diz con la de M\u00e1laga. Es una zona k\u00e1rstica que presenta un elevado inter\u00e9s geol\u00f3gico y natural por su singular configuraci\u00f3n. De la cubierta vegetal hay que destacar la presencia de encinares, sobre todo adehesados y quejigal en el fondo de la depresi\u00f3n.<\/p>\n","protected":false},"excerpt":{"rendered":"<p>Desde la casa rural podr\u00e1 salir a visitar todos los pueblos y lugares interesantes de la Serran\u00eda de Ronda. El pueblo de Benaoj\u00e1n est\u00e1 ubicado en la Sierra de L\u00edbar a 565 metros sobre de altitud, se extiende por el peque\u00f1o valle del arroyo de Montejaque. El paisaje en el que se asienta es bastante [&hellip;]<\/p>\n","protected":false},"author":1,"featured_media":0,"parent":0,"menu_order":0,"comment_status":"closed","ping_status":"closed","template":"","meta":{"footnotes":""},"class_list":["post-19","page","type-page","status-publish","hentry"],"_links":{"self":[{"href":"https:\/\/www.loscascajales.com\/web\/wp-json\/wp\/v2\/pages\/19","targetHints":{"allow":["GET"]}}],"collection":[{"href":"https:\/\/www.loscascajales.com\/web\/wp-json\/wp\/v2\/pages"}],"about":[{"href":"https:\/\/www.loscascajales.com\/web\/wp-json\/wp\/v2\/types\/page"}],"author":[{"embeddable":true,"href":"https:\/\/www.loscascajales.com\/web\/wp-json\/wp\/v2\/users\/1"}],"replies":[{"embeddable":true,"href":"https:\/\/www.loscascajales.com\/web\/wp-json\/wp\/v2\/comments?post=19"}],"version-history":[{"count":4,"href":"https:\/\/www.loscascajales.com\/web\/wp-json\/wp\/v2\/pages\/19\/revisions"}],"predecessor-version":[{"id":140,"href":"https:\/\/www.loscascajales.com\/web\/wp-json\/wp\/v2\/pages\/19\/revisions\/140"}],"wp:attachment":[{"href":"https:\/\/www.loscascajales.com\/web\/wp-json\/wp\/v2\/media?parent=19"}],"curies":[{"name":"wp","href":"https:\/\/api.w.org\/{rel}","templated":true}]}}